{"id":974,"date":"2025-10-27T20:12:44","date_gmt":"2025-10-27T19:12:44","guid":{"rendered":"https:\/\/lina-twist.com\/?page_id=974"},"modified":"2025-11-07T17:55:59","modified_gmt":"2025-11-07T16:55:59","slug":"telefonsession","status":"publish","type":"page","link":"https:\/\/lina-twist.com\/en\/telefonsession\/","title":{"rendered":"Telefonsession"},"content":{"rendered":"<div id=\"wp-block-themeisle-blocks-advanced-columns-6e65acfb\" class=\"wp-block-themeisle-blocks-advanced-columns alignfull has-2-columns has-desktop-twoOne-layout has-tablet-equal-layout has-mobile-collapsedRows-layout has-vertical-top ticss-c00aadba\"><div class=\"wp-block-themeisle-blocks-advanced-columns-overlay\"><\/div><div class=\"innerblocks-wrap\">\n<div id=\"wp-block-themeisle-blocks-advanced-column-f4333eeb\" class=\"wp-block-themeisle-blocks-advanced-column\">\n<p id=\"wp-block-themeisle-blocks-advanced-heading-91baffe5\" class=\"wp-block-themeisle-blocks-advanced-heading wp-block-themeisle-blocks-advanced-heading-91baffe5\"><strong>Telefonsession<\/strong><\/p>\n\n\n\n<h2 id=\"wp-block-themeisle-blocks-advanced-heading-360f5b02\" class=\"wp-block-themeisle-blocks-advanced-heading wp-block-themeisle-blocks-advanced-heading-360f5b02\">Kopfkino per Anruf<\/h2>\n\n\n\n<p>In unseren ganz eigenen Fantasiewelten verschwinden Tabus und die M\u00f6glichkeiten sind endlos. Teile deine intimsten Sehns\u00fcchte mit mir. Lass mich rein in deinen Kopf.<\/p>\n\n\n\n<p>Let&#8217;s play! <br>Ich schl\u00fcpfe gern in die Rolle der perversen \u00c4rztin oder Therapeutin, \u00fcbergriffigen Chefin, Mommy, Gouvernante, Henkerin, Herrin \u00fcber deine Befriedigung, versauten Bizarrdomina, Hundehalterin, &#8230; uvm.<\/p>\n\n\n\n<p>Let&#8217;s talk!<br>Du m\u00f6chtest gerade keine konkrete Fantasie beleben, sondern dich einfach locker und ohne Verurteilung \u00fcber BDSM-Themen unterhalten? Sehr gerne.<\/p>\n\n\n\n<p>Ich bin jede Woche f\u00fcr ein paar Stunden auf Yootalk erreichbar. Alternativ kannst du mir auch eine Email schreiben und wir verabreden uns direkt miteinander. <\/p>\n<\/div>\n\n\n\n<div id=\"wp-block-themeisle-blocks-advanced-column-81e97556\" class=\"wp-block-themeisle-blocks-advanced-column\">\n<iframe loading=\"lazy\" width=\"250\" height=\"553\" name=\"yootalk250553\" scrolling=\"no\" marginheight=\"0\" marginwidth=\"0\" frameborder=\"0\" src=\"https:\/\/www.yootalk.net\/indicators\/n250x553\/index.php?mode=single&#038;lady_id==1857\"><\/iframe>\n<\/div>\n<\/div><\/div>","protected":false},"excerpt":{"rendered":"","protected":false},"author":1,"featured_media":0,"parent":0,"menu_order":0,"comment_status":"closed","ping_status":"closed","template":"","meta":{"neve_meta_sidebar":"","neve_meta_container":"","neve_meta_enable_content_width":"","neve_meta_content_width":0,"neve_meta_title_alignment":"left","neve_meta_author_avatar":"","neve_post_elements_order":"","neve_meta_disable_header":"","neve_meta_disable_footer":"","neve_meta_disable_title":"on","neve_meta_reading_time":"","_themeisle_gutenberg_block_has_review":false,"footnotes":""},"class_list":["post-974","page","type-page","status-publish","hentry"],"_links":{"self":[{"href":"https:\/\/lina-twist.com\/en\/wp-json\/wp\/v2\/pages\/974","targetHints":{"allow":["GET"]}}],"collection":[{"href":"https:\/\/lina-twist.com\/en\/wp-json\/wp\/v2\/pages"}],"about":[{"href":"https:\/\/lina-twist.com\/en\/wp-json\/wp\/v2\/types\/page"}],"author":[{"embeddable":true,"href":"https:\/\/lina-twist.com\/en\/wp-json\/wp\/v2\/users\/1"}],"replies":[{"embeddable":true,"href":"https:\/\/lina-twist.com\/en\/wp-json\/wp\/v2\/comments?post=974"}],"version-history":[{"count":4,"href":"https:\/\/lina-twist.com\/en\/wp-json\/wp\/v2\/pages\/974\/revisions"}],"predecessor-version":[{"id":978,"href":"https:\/\/lina-twist.com\/en\/wp-json\/wp\/v2\/pages\/974\/revisions\/978"}],"wp:attachment":[{"href":"https:\/\/lina-twist.com\/en\/wp-json\/wp\/v2\/media?parent=974"}],"curies":[{"name":"wp","href":"https:\/\/api.w.org\/{rel}","templated":true}]}}